{"id":25067,"date":"2026-04-20T10:00:36","date_gmt":"2026-04-20T08:00:36","guid":{"rendered":"https:\/\/on.eus\/?page_id=25067"},"modified":"2026-04-20T11:31:55","modified_gmt":"2026-04-20T09:31:55","slug":"musique","status":"publish","type":"page","link":"https:\/\/on.eus\/fr\/vis-le-en-basque\/musique\/","title":{"rendered":"Musique"},"content":{"rendered":"\t\t<div data-elementor-type=\"wp-page\" data-elementor-id=\"25067\" class=\"elementor elementor-25067 elementor-25066\" data-elementor-post-type=\"page\">\n\t\t\t\t<div class=\"elementor-element elementor-element-1fd2cc8 e-flex e-con-boxed e-con e-parent\" data-id=\"1fd2cc8\" data-element_type=\"container\" data-e-type=\"container\" data-settings=\"{&quot;background_background&quot;:&quot;classic&quot;}\">\n\t\t\t\t\t<div class=\"e-con-inner\">\n\t\t<div class=\"elementor-element elementor-element-62f9177 e-con-full e-flex e-con e-child\" data-id=\"62f9177\" data-element_type=\"container\" data-e-type=\"container\">\n\t\t\t\t<div class=\"elementor-element elementor-element-ea5dfed elementor-align-center elementor-widget elementor-widget-breadcrumbs\" data-id=\"ea5dfed\" data-element_type=\"widget\" data-e-type=\"widget\" data-widget_type=\"breadcrumbs.default\">\n\t\t\t\t\t<p id=\"breadcrumbs\"><span><span><a href=\"https:\/\/on.eus\/fr\/\">Hasiera<\/a><\/span><\/span><\/p>\t\t\t\t<\/div>\n\t\t\t\t<div class=\"elementor-element elementor-element-d440fb2 animated-slow elementor-invisible elementor-widget elementor-widget-heading\" data-id=\"d440fb2\" data-element_type=\"widget\" data-e-type=\"widget\" data-settings=\"{&quot;_animation&quot;:&quot;slideInUp&quot;}\" data-widget_type=\"heading.default\">\n\t\t\t\t\t<h1 class=\"elementor-heading-title elementor-size-default\">Musique<\/h1>\t\t\t\t<\/div>\n\t\t\t\t<div class=\"elementor-element elementor-element-6643fd0 elementor-position-inline-start elementor-view-default elementor-mobile-position-block-start elementor-widget elementor-widget-icon-box\" data-id=\"6643fd0\" data-element_type=\"widget\" data-e-type=\"widget\" data-widget_type=\"icon-box.default\">\n\t\t\t\t\t\t\t<div class=\"elementor-icon-box-wrapper\">\n\n\t\t\t\t\t\t<div class=\"elementor-icon-box-icon\">\n\t\t\t\t<span  class=\"elementor-icon\">\n\t\t\t\t<svg aria-hidden=\"true\" class=\"e-font-icon-svg e-fas-quote-left\" viewBox=\"0 0 512 512\" xmlns=\"http:\/\/www.w3.org\/2000\/svg\"><path d=\"M464 256h-80v-64c0-35.3 28.7-64 64-64h8c13.3 0 24-10.7 24-24V56c0-13.3-10.7-24-24-24h-8c-88.4 0-160 71.6-160 160v240c0 26.5 21.5 48 48 48h128c26.5 0 48-21.5 48-48V304c0-26.5-21.5-48-48-48zm-288 0H96v-64c0-35.3 28.7-64 64-64h8c13.3 0 24-10.7 24-24V56c0-13.3-10.7-24-24-24h-8C71.6 32 0 103.6 0 192v240c0 26.5 21.5 48 48 48h128c26.5 0 48-21.5 48-48V304c0-26.5-21.5-48-48-48z\"><\/path><\/svg>\t\t\t\t<\/span>\n\t\t\t<\/div>\n\t\t\t\n\t\t\t\t\t\t<div class=\"elementor-icon-box-content\">\n\n\t\t\t\t\t\t\t\t\t<h3 class=\"elementor-icon-box-title\">\n\t\t\t\t\t\t<span  >\n\t\t\t\t\t\t\tD\u00e9couvrez en chantant\t\t\t\t\t\t<\/span>\n\t\t\t\t\t<\/h3>\n\t\t\t\t\n\t\t\t\t\n\t\t\t<\/div>\n\t\t\t\n\t\t<\/div>\n\t\t\t\t\t\t<\/div>\n\t\t\t\t<div class=\"elementor-element elementor-element-dbff50e elementor-widget elementor-widget-text-editor\" data-id=\"dbff50e\" data-element_type=\"widget\" data-e-type=\"widget\" data-widget_type=\"text-editor.default\">\n\t\t\t\t\t\t\t\t\t<p>Un espace pour d\u00e9couvrir des chansons vari\u00e9es. <br \/>Ici, tu trouveras diff\u00e9rentes playlists \u00e0 \u00e9couter \u00e0 chaque moment de la journ\u00e9e : en voiture, en soir\u00e9e et bien plus encore.<\/p>\t\t\t\t\t\t\t\t<\/div>\n\t\t\t\t<\/div>\n\t\t\t\t\t<\/div>\n\t\t\t\t<\/div>\n\t\t<div class=\"elementor-element elementor-element-cdb2abc e-flex e-con-boxed e-con e-parent\" data-id=\"cdb2abc\" data-element_type=\"container\" data-e-type=\"container\" data-settings=\"{&quot;background_background&quot;:&quot;classic&quot;,&quot;shape_divider_top&quot;:&quot;waves&quot;}\">\n\t\t\t\t\t<div class=\"e-con-inner\">\n\t\t\t\t<div class=\"elementor-shape elementor-shape-top\" aria-hidden=\"true\" data-negative=\"false\">\n\t\t\t<svg xmlns=\"http:\/\/www.w3.org\/2000\/svg\" viewBox=\"0 0 1000 100\" preserveAspectRatio=\"none\">\n\t<path class=\"elementor-shape-fill\" d=\"M421.9,6.5c22.6-2.5,51.5,0.4,75.5,5.3c23.6,4.9,70.9,23.5,100.5,35.7c75.8,32.2,133.7,44.5,192.6,49.7\n\tc23.6,2.1,48.7,3.5,103.4-2.5c54.7-6,106.2-25.6,106.2-25.6V0H0v30.3c0,0,72,32.6,158.4,30.5c39.2-0.7,92.8-6.7,134-22.4\n\tc21.2-8.1,52.2-18.2,79.7-24.2C399.3,7.9,411.6,7.5,421.9,6.5z\"\/>\n<\/svg>\t\t<\/div>\n\t\t\t\t<div class=\"elementor-element elementor-element-13a401b elementor-widget elementor-widget-heading\" data-id=\"13a401b\" data-element_type=\"widget\" data-e-type=\"widget\" data-widget_type=\"heading.default\">\n\t\t\t\t\t<h3 class=\"elementor-heading-title elementor-size-default\">Playlist<\/h3>\t\t\t\t<\/div>\n\t\t<div class=\"elementor-element elementor-element-16ea20c e-con-full e-flex e-con e-child\" data-id=\"16ea20c\" data-element_type=\"container\" data-e-type=\"container\">\n\t\t<div class=\"elementor-element elementor-element-9aec7f6 e-con-full e-flex e-con e-child\" data-id=\"9aec7f6\" data-element_type=\"container\" data-e-type=\"container\">\n\t\t\t\t<div class=\"elementor-element elementor-element-81e9681 elementor-widget elementor-widget-heading\" data-id=\"81e9681\" data-element_type=\"widget\" data-e-type=\"widget\" data-widget_type=\"heading.default\">\n\t\t\t\t\t<h4 class=\"elementor-heading-title elementor-size-default\">Kirola egiteko<\/h4>\t\t\t\t<\/div>\n\t\t\t\t<div class=\"elementor-element elementor-element-2eaef37 elementor-widget elementor-widget-text-editor\" data-id=\"2eaef37\" data-element_type=\"widget\" data-e-type=\"widget\" data-widget_type=\"text-editor.default\">\n\t\t\t\t\t\t\t\t\t<iframe title=\"deezer-widget\" src=\"https:\/\/widget.deezer.com\/widget\/dark\/playlist\/15181624343\" width=\"100%\" height=\"500&quot;\" frameborder=\"0\"><span data-mce-type=\"bookmark\" style=\"display: inline-block; width: 0px; overflow: hidden; line-height: 0;\" class=\"mce_SELRES_start\">\ufeff<\/span><\/iframe>\t\t\t\t\t\t\t\t<\/div>\n\t\t\t\t<\/div>\n\t\t<div class=\"elementor-element elementor-element-1d12d0d e-con-full e-flex e-con e-child\" data-id=\"1d12d0d\" data-element_type=\"container\" data-e-type=\"container\">\n\t\t\t\t<div class=\"elementor-element elementor-element-e9d89ff elementor-widget elementor-widget-heading\" data-id=\"e9d89ff\" data-element_type=\"widget\" data-e-type=\"widget\" data-widget_type=\"heading.default\">\n\t\t\t\t\t<h4 class=\"elementor-heading-title elementor-size-default\">Autoan<\/h4>\t\t\t\t<\/div>\n\t\t\t\t<div class=\"elementor-element elementor-element-ea0071b elementor-widget elementor-widget-text-editor\" data-id=\"ea0071b\" data-element_type=\"widget\" data-e-type=\"widget\" data-widget_type=\"text-editor.default\">\n\t\t\t\t\t\t\t\t\t<iframe title=\"deezer-widget\" src=\"https:\/\/widget.deezer.com\/widget\/dark\/playlist\/15181624003\" width=\"100%\" height=\"500\" frameborder=\"0\" allowtransparency=\"true\" allow=\"encrypted-media; clipboard-write\"><\/iframe>\t\t\t\t\t\t\t\t<\/div>\n\t\t\t\t<\/div>\n\t\t<div class=\"elementor-element elementor-element-b9723a6 e-con-full e-flex e-con e-child\" data-id=\"b9723a6\" data-element_type=\"container\" data-e-type=\"container\">\n\t\t\t\t<div class=\"elementor-element elementor-element-28128e2 elementor-widget elementor-widget-heading\" data-id=\"28128e2\" data-element_type=\"widget\" data-e-type=\"widget\" data-widget_type=\"heading.default\">\n\t\t\t\t\t<h4 class=\"elementor-heading-title elementor-size-default\">Lasaitzeko<\/h4>\t\t\t\t<\/div>\n\t\t\t\t<div class=\"elementor-element elementor-element-e795fce elementor-widget elementor-widget-text-editor\" data-id=\"e795fce\" data-element_type=\"widget\" data-e-type=\"widget\" data-widget_type=\"text-editor.default\">\n\t\t\t\t\t\t\t\t\t<iframe title=\"deezer-widget\" src=\"https:\/\/widget.deezer.com\/widget\/dark\/playlist\/15181624563\" width=\"100%\" height=\"500\" frameborder=\"0\" allowtransparency=\"true\" allow=\"encrypted-media; clipboard-write\"><\/iframe>\t\t\t\t\t\t\t\t<\/div>\n\t\t\t\t<\/div>\n\t\t<div class=\"elementor-element elementor-element-5779512 e-con-full e-flex e-con e-child\" data-id=\"5779512\" data-element_type=\"container\" data-e-type=\"container\">\n\t\t\t\t<div class=\"elementor-element elementor-element-82aaa7d elementor-widget elementor-widget-heading\" data-id=\"82aaa7d\" data-element_type=\"widget\" data-e-type=\"widget\" data-widget_type=\"heading.default\">\n\t\t\t\t\t<h4 class=\"elementor-heading-title elementor-size-default\">Besta giroa<\/h4>\t\t\t\t<\/div>\n\t\t\t\t<div class=\"elementor-element elementor-element-1cb1b41 elementor-widget elementor-widget-text-editor\" data-id=\"1cb1b41\" data-element_type=\"widget\" data-e-type=\"widget\" data-widget_type=\"text-editor.default\">\n\t\t\t\t\t\t\t\t\t<iframe title=\"deezer-widget\" src=\"https:\/\/widget.deezer.com\/widget\/dark\/playlist\/15181623383\" width=\"100%\" height=\"500\" frameborder=\"0\" allowtransparency=\"true\" allow=\"encrypted-media; clipboard-write\"><\/iframe>\n\t\t\t\t\t\t\t\t<\/div>\n\t\t\t\t<\/div>\n\t\t\t\t<\/div>\n\t\t\t\t\t<\/div>\n\t\t\t\t<\/div>\n\t\t\t\t<\/div>\n\t\t","protected":false},"excerpt":{"rendered":"<p>D\u00e9couvrez en chantant Un espace pour d\u00e9couvrir des chansons vari\u00e9es. Ici, tu trouveras diff\u00e9rentes playlists \u00e0 \u00e9couter \u00e0 chaque moment de la journ\u00e9e : en voiture, en soir\u00e9e et bien plus encore. Playlist Kirola egiteko \ufeff Autoan Lasaitzeko Besta giroa<\/p>\n","protected":false},"author":1,"featured_media":0,"parent":15758,"menu_order":0,"comment_status":"closed","ping_status":"closed","template":"","meta":{"_acf_changed":false,"footnotes":""},"class_list":["post-25067","page","type-page","status-publish","hentry"],"acf":[],"yoast_head":"<!-- This site is optimized with the Yoast SEO plugin v27.4 - https:\/\/yoast.com\/product\/yoast-seo-wordpress\/ -->\n<title>Musique &#8226; On!<\/title>\n<meta name=\"robots\" content=\"index, follow, max-snippet:-1, max-image-preview:large, max-video-preview:-1\" \/>\n<link rel=\"canonical\" href=\"https:\/\/on.eus\/fr\/vis-le-en-basque\/musique\/\" \/>\n<meta property=\"og:locale\" content=\"fr_FR\" \/>\n<meta property=\"og:type\" content=\"article\" \/>\n<meta property=\"og:title\" content=\"Musique &#8226; On!\" \/>\n<meta property=\"og:description\" content=\"D\u00e9couvrez en chantant Un espace pour d\u00e9couvrir des chansons vari\u00e9es. Ici, tu trouveras diff\u00e9rentes playlists \u00e0 \u00e9couter \u00e0 chaque moment de la journ\u00e9e : en voiture, en soir\u00e9e et bien plus encore. Playlist Kirola egiteko \ufeff Autoan Lasaitzeko Besta giroa\" \/>\n<meta property=\"og:url\" content=\"https:\/\/on.eus\/fr\/vis-le-en-basque\/musique\/\" \/>\n<meta property=\"og:site_name\" content=\"On!\" \/>\n<meta property=\"article:publisher\" content=\"https:\/\/www.facebook.com\/ongietorria\" \/>\n<meta property=\"article:modified_time\" content=\"2026-04-20T09:31:55+00:00\" \/>\n<meta property=\"og:image\" content=\"https:\/\/on.eus\/wp-content\/uploads\/2025\/09\/on-euskara-eskura.png\" \/>\n\t<meta property=\"og:image:width\" content=\"1200\" \/>\n\t<meta property=\"og:image:height\" content=\"675\" \/>\n\t<meta property=\"og:image:type\" content=\"image\/png\" \/>\n<meta name=\"twitter:card\" content=\"summary_large_image\" \/>\n<meta name=\"twitter:label1\" content=\"Dur\u00e9e de lecture estim\u00e9e\" \/>\n\t<meta name=\"twitter:data1\" content=\"1 minute\" \/>\n<script type=\"application\/ld+json\" class=\"yoast-schema-graph\">{\"@context\":\"https:\\\/\\\/schema.org\",\"@graph\":[{\"@type\":\"WebPage\",\"@id\":\"https:\\\/\\\/on.eus\\\/fr\\\/vis-le-en-basque\\\/musique\\\/\",\"url\":\"https:\\\/\\\/on.eus\\\/fr\\\/vis-le-en-basque\\\/musique\\\/\",\"name\":\"Musique &#8226; On!\",\"isPartOf\":{\"@id\":\"https:\\\/\\\/on.eus\\\/fr\\\/#website\"},\"datePublished\":\"2026-04-20T08:00:36+00:00\",\"dateModified\":\"2026-04-20T09:31:55+00:00\",\"breadcrumb\":{\"@id\":\"https:\\\/\\\/on.eus\\\/fr\\\/vis-le-en-basque\\\/musique\\\/#breadcrumb\"},\"inLanguage\":\"fr-FR\",\"potentialAction\":[{\"@type\":\"ReadAction\",\"target\":[\"https:\\\/\\\/on.eus\\\/fr\\\/vis-le-en-basque\\\/musique\\\/\"]}]},{\"@type\":\"BreadcrumbList\",\"@id\":\"https:\\\/\\\/on.eus\\\/fr\\\/vis-le-en-basque\\\/musique\\\/#breadcrumb\",\"itemListElement\":[{\"@type\":\"ListItem\",\"position\":1,\"name\":\"Hasiera\",\"item\":\"https:\\\/\\\/on.eus\\\/fr\\\/\"},{\"@type\":\"ListItem\",\"position\":2,\"name\":\"Vis-le en basque\",\"item\":\"https:\\\/\\\/on.eus\\\/fr\\\/vis-le-en-basque\\\/\"},{\"@type\":\"ListItem\",\"position\":3,\"name\":\"Musique\"}]},{\"@type\":\"WebSite\",\"@id\":\"https:\\\/\\\/on.eus\\\/fr\\\/#website\",\"url\":\"https:\\\/\\\/on.eus\\\/fr\\\/\",\"name\":\"ON!\",\"description\":\"Pizten gaituena\",\"publisher\":{\"@id\":\"https:\\\/\\\/on.eus\\\/fr\\\/#organization\"},\"alternateName\":\"Piztu euskaraz\",\"potentialAction\":[{\"@type\":\"SearchAction\",\"target\":{\"@type\":\"EntryPoint\",\"urlTemplate\":\"https:\\\/\\\/on.eus\\\/fr\\\/?s={search_term_string}\"},\"query-input\":{\"@type\":\"PropertyValueSpecification\",\"valueRequired\":true,\"valueName\":\"search_term_string\"}}],\"inLanguage\":\"fr-FR\"},{\"@type\":\"Organization\",\"@id\":\"https:\\\/\\\/on.eus\\\/fr\\\/#organization\",\"name\":\"On!\",\"url\":\"https:\\\/\\\/on.eus\\\/fr\\\/\",\"logo\":{\"@type\":\"ImageObject\",\"inLanguage\":\"fr-FR\",\"@id\":\"https:\\\/\\\/on.eus\\\/fr\\\/#\\\/schema\\\/logo\\\/image\\\/\",\"url\":\"https:\\\/\\\/on.eus\\\/wp-content\\\/uploads\\\/2025\\\/09\\\/logo-on-euskara-eskura.png\",\"contentUrl\":\"https:\\\/\\\/on.eus\\\/wp-content\\\/uploads\\\/2025\\\/09\\\/logo-on-euskara-eskura.png\",\"width\":696,\"height\":696,\"caption\":\"On!\"},\"image\":{\"@id\":\"https:\\\/\\\/on.eus\\\/fr\\\/#\\\/schema\\\/logo\\\/image\\\/\"},\"sameAs\":[\"https:\\\/\\\/www.facebook.com\\\/ongietorria\",\"https:\\\/\\\/www.instagram.com\\\/onpiztu\\\/\",\"https:\\\/\\\/www.linkedin.com\\\/company\\\/onpiztu\",\"https:\\\/\\\/www.youtube.com\\\/@piztu-euskara\",\"https:\\\/\\\/mastodon.eus\\\/@Piztueuskara\"]}]}<\/script>\n<!-- \/ Yoast SEO plugin. -->","yoast_head_json":{"title":"Musique &#8226; On!","robots":{"index":"index","follow":"follow","max-snippet":"max-snippet:-1","max-image-preview":"max-image-preview:large","max-video-preview":"max-video-preview:-1"},"canonical":"https:\/\/on.eus\/fr\/vis-le-en-basque\/musique\/","og_locale":"fr_FR","og_type":"article","og_title":"Musique &#8226; On!","og_description":"D\u00e9couvrez en chantant Un espace pour d\u00e9couvrir des chansons vari\u00e9es. Ici, tu trouveras diff\u00e9rentes playlists \u00e0 \u00e9couter \u00e0 chaque moment de la journ\u00e9e : en voiture, en soir\u00e9e et bien plus encore. Playlist Kirola egiteko \ufeff Autoan Lasaitzeko Besta giroa","og_url":"https:\/\/on.eus\/fr\/vis-le-en-basque\/musique\/","og_site_name":"On!","article_publisher":"https:\/\/www.facebook.com\/ongietorria","article_modified_time":"2026-04-20T09:31:55+00:00","og_image":[{"width":1200,"height":675,"url":"https:\/\/on.eus\/wp-content\/uploads\/2025\/09\/on-euskara-eskura.png","type":"image\/png"}],"twitter_card":"summary_large_image","twitter_misc":{"Dur\u00e9e de lecture estim\u00e9e":"1 minute"},"schema":{"@context":"https:\/\/schema.org","@graph":[{"@type":"WebPage","@id":"https:\/\/on.eus\/fr\/vis-le-en-basque\/musique\/","url":"https:\/\/on.eus\/fr\/vis-le-en-basque\/musique\/","name":"Musique &#8226; On!","isPartOf":{"@id":"https:\/\/on.eus\/fr\/#website"},"datePublished":"2026-04-20T08:00:36+00:00","dateModified":"2026-04-20T09:31:55+00:00","breadcrumb":{"@id":"https:\/\/on.eus\/fr\/vis-le-en-basque\/musique\/#breadcrumb"},"inLanguage":"fr-FR","potentialAction":[{"@type":"ReadAction","target":["https:\/\/on.eus\/fr\/vis-le-en-basque\/musique\/"]}]},{"@type":"BreadcrumbList","@id":"https:\/\/on.eus\/fr\/vis-le-en-basque\/musique\/#breadcrumb","itemListElement":[{"@type":"ListItem","position":1,"name":"Hasiera","item":"https:\/\/on.eus\/fr\/"},{"@type":"ListItem","position":2,"name":"Vis-le en basque","item":"https:\/\/on.eus\/fr\/vis-le-en-basque\/"},{"@type":"ListItem","position":3,"name":"Musique"}]},{"@type":"WebSite","@id":"https:\/\/on.eus\/fr\/#website","url":"https:\/\/on.eus\/fr\/","name":"ON!","description":"Pizten gaituena","publisher":{"@id":"https:\/\/on.eus\/fr\/#organization"},"alternateName":"Piztu euskaraz","potentialAction":[{"@type":"SearchAction","target":{"@type":"EntryPoint","urlTemplate":"https:\/\/on.eus\/fr\/?s={search_term_string}"},"query-input":{"@type":"PropertyValueSpecification","valueRequired":true,"valueName":"search_term_string"}}],"inLanguage":"fr-FR"},{"@type":"Organization","@id":"https:\/\/on.eus\/fr\/#organization","name":"On!","url":"https:\/\/on.eus\/fr\/","logo":{"@type":"ImageObject","inLanguage":"fr-FR","@id":"https:\/\/on.eus\/fr\/#\/schema\/logo\/image\/","url":"https:\/\/on.eus\/wp-content\/uploads\/2025\/09\/logo-on-euskara-eskura.png","contentUrl":"https:\/\/on.eus\/wp-content\/uploads\/2025\/09\/logo-on-euskara-eskura.png","width":696,"height":696,"caption":"On!"},"image":{"@id":"https:\/\/on.eus\/fr\/#\/schema\/logo\/image\/"},"sameAs":["https:\/\/www.facebook.com\/ongietorria","https:\/\/www.instagram.com\/onpiztu\/","https:\/\/www.linkedin.com\/company\/onpiztu","https:\/\/www.youtube.com\/@piztu-euskara","https:\/\/mastodon.eus\/@Piztueuskara"]}]}},"_links":{"self":[{"href":"https:\/\/on.eus\/fr\/wp-json\/wp\/v2\/pages\/25067","targetHints":{"allow":["GET"]}}],"collection":[{"href":"https:\/\/on.eus\/fr\/wp-json\/wp\/v2\/pages"}],"about":[{"href":"https:\/\/on.eus\/fr\/wp-json\/wp\/v2\/types\/page"}],"author":[{"embeddable":true,"href":"https:\/\/on.eus\/fr\/wp-json\/wp\/v2\/users\/1"}],"replies":[{"embeddable":true,"href":"https:\/\/on.eus\/fr\/wp-json\/wp\/v2\/comments?post=25067"}],"version-history":[{"count":8,"href":"https:\/\/on.eus\/fr\/wp-json\/wp\/v2\/pages\/25067\/revisions"}],"predecessor-version":[{"id":25082,"href":"https:\/\/on.eus\/fr\/wp-json\/wp\/v2\/pages\/25067\/revisions\/25082"}],"up":[{"embeddable":true,"href":"https:\/\/on.eus\/fr\/wp-json\/wp\/v2\/pages\/15758"}],"wp:attachment":[{"href":"https:\/\/on.eus\/fr\/wp-json\/wp\/v2\/media?parent=25067"}],"curies":[{"name":"wp","href":"https:\/\/api.w.org\/{rel}","templated":true}]}}