{"id":4643,"date":"2024-10-10T10:17:53","date_gmt":"2024-10-10T08:17:53","guid":{"rendered":"https:\/\/on-euskara.lantegia.io\/harremana\/"},"modified":"2025-09-26T10:56:32","modified_gmt":"2025-09-26T08:56:32","slug":"contact","status":"publish","type":"page","link":"https:\/\/on.eus\/fr\/contact\/","title":{"rendered":"Contact"},"content":{"rendered":"\t\t<div data-elementor-type=\"wp-page\" data-elementor-id=\"4643\" class=\"elementor elementor-4643 elementor-1161\" data-elementor-post-type=\"page\">\n\t\t\t\t<div class=\"elementor-element elementor-element-56948aaa e-flex e-con-boxed e-con e-parent\" data-id=\"56948aaa\" data-element_type=\"container\" data-e-type=\"container\" data-settings=\"{&quot;background_background&quot;:&quot;classic&quot;}\">\n\t\t\t\t\t<div class=\"e-con-inner\">\n\t\t<div class=\"elementor-element elementor-element-7eddd5f4 e-flex e-con-boxed e-con e-child\" data-id=\"7eddd5f4\" data-element_type=\"container\" data-e-type=\"container\">\n\t\t\t\t\t<div class=\"e-con-inner\">\n\t\t\t\t<div class=\"elementor-element elementor-element-55fe7f55 animated-slow elementor-invisible elementor-widget elementor-widget-heading\" data-id=\"55fe7f55\" data-element_type=\"widget\" data-e-type=\"widget\" data-settings=\"{&quot;_animation&quot;:&quot;slideInUp&quot;}\" data-widget_type=\"heading.default\">\n\t\t\t\t\t<h1 class=\"elementor-heading-title elementor-size-default\">Contact<\/h1>\t\t\t\t<\/div>\n\t\t\t\t\t<\/div>\n\t\t\t\t<\/div>\n\t\t\t\t<div class=\"elementor-element elementor-element-362bf8c6 elementor-tablet-button-align-stretch elementor-button-align-stretch elementor-widget elementor-widget-form\" data-id=\"362bf8c6\" data-element_type=\"widget\" data-e-type=\"widget\" data-settings=\"{&quot;button_width&quot;:&quot;20&quot;,&quot;button_width_tablet&quot;:&quot;100&quot;,&quot;step_next_label&quot;:&quot;Segi&quot;,&quot;step_previous_label&quot;:&quot;Aitzin&quot;,&quot;step_type&quot;:&quot;number_text&quot;,&quot;step_icon_shape&quot;:&quot;circle&quot;}\" data-widget_type=\"form.default\">\n\t\t\t\t\t\t\t<form class=\"elementor-form\" method=\"post\" name=\"Harremana\" aria-label=\"Harremana\">\n\t\t\t<input type=\"hidden\" name=\"post_id\" value=\"4643\"\/>\n\t\t\t<input type=\"hidden\" name=\"form_id\" value=\"362bf8c6\"\/>\n\t\t\t<input type=\"hidden\" name=\"referer_title\" value=\"On!\" \/>\n\n\t\t\t\n\t\t\t<div class=\"elementor-form-fields-wrapper elementor-labels-\">\n\t\t\t\t\t\t\t\t<div class=\"elementor-field-type-text elementor-field-group elementor-column elementor-field-group-name elementor-col-33 elementor-md-50\">\n\t\t\t\t\t\t\t\t\t\t\t\t<label for=\"form-field-name\" class=\"elementor-field-label elementor-screen-only\">\n\t\t\t\t\t\t\t\tPr\u00e9nom\t\t\t\t\t\t\t<\/label>\n\t\t\t\t\t\t\t\t\t\t\t\t\t\t<input size=\"1\" type=\"text\" name=\"form_fields[name]\" id=\"form-field-name\" class=\"elementor-field elementor-size-md  elementor-field-textual\" placeholder=\"Pr\u00e9nom\">\n\t\t\t\t\t\t\t\t\t\t\t<\/div>\n\t\t\t\t\t\t\t\t<div class=\"elementor-field-type-text elementor-field-group elementor-column elementor-field-group-field_c0493bd elementor-col-33 elementor-md-50\">\n\t\t\t\t\t\t\t\t\t\t\t\t<label for=\"form-field-field_c0493bd\" class=\"elementor-field-label elementor-screen-only\">\n\t\t\t\t\t\t\t\tNom\t\t\t\t\t\t\t<\/label>\n\t\t\t\t\t\t\t\t\t\t\t\t\t\t<input size=\"1\" type=\"text\" name=\"form_fields[field_c0493bd]\" id=\"form-field-field_c0493bd\" class=\"elementor-field elementor-size-md  elementor-field-textual\" placeholder=\"Nom\">\n\t\t\t\t\t\t\t\t\t\t\t<\/div>\n\t\t\t\t\t\t\t\t<div class=\"elementor-field-type-tel elementor-field-group elementor-column elementor-field-group-field_719ed13 elementor-col-33 elementor-md-50 elementor-field-required\">\n\t\t\t\t\t\t\t\t\t\t\t\t<label for=\"form-field-field_719ed13\" class=\"elementor-field-label elementor-screen-only\">\n\t\t\t\t\t\t\t\tT\u00e9l\u00e9phone\t\t\t\t\t\t\t<\/label>\n\t\t\t\t\t\t\t\t<input size=\"1\" type=\"tel\" name=\"form_fields[field_719ed13]\" id=\"form-field-field_719ed13\" class=\"elementor-field elementor-size-md  elementor-field-textual\" placeholder=\"T\u00e9l\u00e9phone\" required=\"required\" pattern=\"[0-9()#&amp;+*-=.]+\" title=\"Seuls les caract\u00e8res de num\u00e9ros de t\u00e9l\u00e9phone (#, -, *, etc.) sont accept\u00e9s.\">\n\n\t\t\t\t\t\t<\/div>\n\t\t\t\t\t\t\t\t<div class=\"elementor-field-type-email elementor-field-group elementor-column elementor-field-group-email elementor-col-33 elementor-md-50 elementor-field-required\">\n\t\t\t\t\t\t\t\t\t\t\t\t<label for=\"form-field-email\" class=\"elementor-field-label elementor-screen-only\">\n\t\t\t\t\t\t\t\tEmail\t\t\t\t\t\t\t<\/label>\n\t\t\t\t\t\t\t\t\t\t\t\t\t\t<input size=\"1\" type=\"email\" name=\"form_fields[email]\" id=\"form-field-email\" class=\"elementor-field elementor-size-md  elementor-field-textual\" placeholder=\"* Email Address\" required=\"required\">\n\t\t\t\t\t\t\t\t\t\t\t<\/div>\n\t\t\t\t\t\t\t\t<div class=\"elementor-field-type-textarea elementor-field-group elementor-column elementor-field-group-message elementor-col-33 elementor-md-100\">\n\t\t\t\t\t\t\t\t\t\t\t\t<label for=\"form-field-message\" class=\"elementor-field-label elementor-screen-only\">\n\t\t\t\t\t\t\t\tMessage\t\t\t\t\t\t\t<\/label>\n\t\t\t\t\t\t<textarea class=\"elementor-field-textual elementor-field  elementor-size-md\" name=\"form_fields[message]\" id=\"form-field-message\" rows=\"1\" placeholder=\"Votre message...\"><\/textarea>\t\t\t\t<\/div>\n\t\t\t\t\t\t\t\t<div class=\"elementor-field-type-recaptcha_v3 elementor-field-group elementor-column elementor-field-group-field_92ee25f elementor-col-100 recaptcha_v3-bottomright\">\n\t\t\t\t\t<div class=\"elementor-field\" id=\"form-field-field_92ee25f\"><div class=\"elementor-g-recaptcha\" data-sitekey=\"6Le4MccrAAAAAElMxrBdHVgCB_-4eQ5of5QB3axQ\" data-type=\"v3\" data-action=\"Form\" data-badge=\"bottomright\" data-size=\"invisible\"><\/div><\/div>\t\t\t\t<\/div>\n\t\t\t\t\t\t\t\t<div class=\"elementor-field-group elementor-column elementor-field-type-submit elementor-col-20 e-form__buttons elementor-md-100\">\n\t\t\t\t\t<button class=\"elementor-button elementor-size-md\" type=\"submit\">\n\t\t\t\t\t\t<span class=\"elementor-button-content-wrapper\">\n\t\t\t\t\t\t\t\t\t\t\t\t\t\t\t\t\t\t\t\t\t\t<span class=\"elementor-button-text\">Envoyer<\/span>\n\t\t\t\t\t\t\t\t\t\t\t\t\t<\/span>\n\t\t\t\t\t<\/button>\n\t\t\t\t<\/div>\n\t\t\t<\/div>\n\t\t<\/form>\n\t\t\t\t\t\t<\/div>\n\t\t<div class=\"elementor-element elementor-element-27347aa2 e-con-full e-flex e-con e-child\" data-id=\"27347aa2\" data-element_type=\"container\" data-e-type=\"container\">\n\t\t\t\t<div class=\"elementor-element elementor-element-cb271b1 elementor-widget elementor-widget-image\" data-id=\"cb271b1\" data-element_type=\"widget\" data-e-type=\"widget\" data-widget_type=\"image.default\">\n\t\t\t\t\t\t\t\t\t\t\t\t\t\t\t<img decoding=\"async\" width=\"352\" height=\"118\" src=\"https:\/\/on.eus\/wp-content\/uploads\/2024\/11\/on-logoa.svg\" class=\"attachment-full size-full wp-image-2201\" alt=\"\" \/>\t\t\t\t\t\t\t\t\t\t\t\t\t\t\t<\/div>\n\t\t\t\t<div class=\"elementor-element elementor-element-14456c5 elementor-widget elementor-widget-text-editor\" data-id=\"14456c5\" data-element_type=\"widget\" data-e-type=\"widget\" data-widget_type=\"text-editor.default\">\n\t\t\t\t\t\t\t\t\t<p>ON! Piztu euskara(z) elkartea<br \/>4, Lisses karrika 64100 Baiona (LAPURDI)<\/p><p>piztu@on.eus<\/p><p><em>SIRET 84302685700022<\/em><\/p>\t\t\t\t\t\t\t\t<\/div>\n\t\t\t\t<\/div>\n\t\t\t\t<div class=\"elementor-element elementor-element-2010264 elementor-widget elementor-widget-heading\" data-id=\"2010264\" data-element_type=\"widget\" data-e-type=\"widget\" data-widget_type=\"heading.default\">\n\t\t\t\t\t<h2 class=\"elementor-heading-title elementor-size-default\">R\u00e9seaux sociaux<\/h2>\t\t\t\t<\/div>\n\t\t\t\t<div class=\"elementor-element elementor-element-468875e elementor-widget elementor-widget-image\" data-id=\"468875e\" data-element_type=\"widget\" data-e-type=\"widget\" data-widget_type=\"image.default\">\n\t\t\t\t\t\t\t\t\t\t\t\t\t\t\t<img decoding=\"async\" src=\"https:\/\/on.eus\/wp-content\/uploads\/2024\/11\/4.svg\" class=\"attachment-full size-full wp-image-2140\" alt=\"\" \/>\t\t\t\t\t\t\t\t\t\t\t\t\t\t\t<\/div>\n\t\t\t\t<div class=\"elementor-element elementor-element-f36af32 elementor-grid-mobile-3 e-grid-align-mobile-center elementor-shape-rounded elementor-grid-0 e-grid-align-center elementor-widget elementor-widget-social-icons\" data-id=\"f36af32\" data-element_type=\"widget\" data-e-type=\"widget\" data-widget_type=\"social-icons.default\">\n\t\t\t\t\t\t\t<div class=\"elementor-social-icons-wrapper elementor-grid\" role=\"list\">\n\t\t\t\t\t\t\t<span class=\"elementor-grid-item\" role=\"listitem\">\n\t\t\t\t\t<a class=\"elementor-icon elementor-social-icon elementor-social-icon-facebook-f elementor-repeater-item-fd8f92c\" target=\"_blank\">\n\t\t\t\t\t\t<span class=\"elementor-screen-only\">Facebook-f<\/span>\n\t\t\t\t\t\t<svg aria-hidden=\"true\" class=\"e-font-icon-svg e-fab-facebook-f\" viewBox=\"0 0 320 512\" xmlns=\"http:\/\/www.w3.org\/2000\/svg\"><path d=\"M279.14 288l14.22-92.66h-88.91v-60.13c0-25.35 12.42-50.06 52.24-50.06h40.42V6.26S260.43 0 225.36 0c-73.22 0-121.08 44.38-121.08 124.72v70.62H22.89V288h81.39v224h100.17V288z\"><\/path><\/svg>\t\t\t\t\t<\/a>\n\t\t\t\t<\/span>\n\t\t\t\t\t\t\t<span class=\"elementor-grid-item\" role=\"listitem\">\n\t\t\t\t\t<a class=\"elementor-icon elementor-social-icon elementor-social-icon-instagram elementor-repeater-item-0388074\" target=\"_blank\">\n\t\t\t\t\t\t<span class=\"elementor-screen-only\">Instagram<\/span>\n\t\t\t\t\t\t<svg aria-hidden=\"true\" class=\"e-font-icon-svg e-fab-instagram\" viewBox=\"0 0 448 512\" xmlns=\"http:\/\/www.w3.org\/2000\/svg\"><path d=\"M224.1 141c-63.6 0-114.9 51.3-114.9 114.9s51.3 114.9 114.9 114.9S339 319.5 339 255.9 287.7 141 224.1 141zm0 189.6c-41.1 0-74.7-33.5-74.7-74.7s33.5-74.7 74.7-74.7 74.7 33.5 74.7 74.7-33.6 74.7-74.7 74.7zm146.4-194.3c0 14.9-12 26.8-26.8 26.8-14.9 0-26.8-12-26.8-26.8s12-26.8 26.8-26.8 26.8 12 26.8 26.8zm76.1 27.2c-1.7-35.9-9.9-67.7-36.2-93.9-26.2-26.2-58-34.4-93.9-36.2-37-2.1-147.9-2.1-184.9 0-35.8 1.7-67.6 9.9-93.9 36.1s-34.4 58-36.2 93.9c-2.1 37-2.1 147.9 0 184.9 1.7 35.9 9.9 67.7 36.2 93.9s58 34.4 93.9 36.2c37 2.1 147.9 2.1 184.9 0 35.9-1.7 67.7-9.9 93.9-36.2 26.2-26.2 34.4-58 36.2-93.9 2.1-37 2.1-147.8 0-184.8zM398.8 388c-7.8 19.6-22.9 34.7-42.6 42.6-29.5 11.7-99.5 9-132.1 9s-102.7 2.6-132.1-9c-19.6-7.8-34.7-22.9-42.6-42.6-11.7-29.5-9-99.5-9-132.1s-2.6-102.7 9-132.1c7.8-19.6 22.9-34.7 42.6-42.6 29.5-11.7 99.5-9 132.1-9s102.7-2.6 132.1 9c19.6 7.8 34.7 22.9 42.6 42.6 11.7 29.5 9 99.5 9 132.1s2.7 102.7-9 132.1z\"><\/path><\/svg>\t\t\t\t\t<\/a>\n\t\t\t\t<\/span>\n\t\t\t\t\t\t\t<span class=\"elementor-grid-item\" role=\"listitem\">\n\t\t\t\t\t<a class=\"elementor-icon elementor-social-icon elementor-social-icon-linkedin-in elementor-repeater-item-ecbff8f\" target=\"_blank\">\n\t\t\t\t\t\t<span class=\"elementor-screen-only\">Linkedin-in<\/span>\n\t\t\t\t\t\t<svg aria-hidden=\"true\" class=\"e-font-icon-svg e-fab-linkedin-in\" viewBox=\"0 0 448 512\" xmlns=\"http:\/\/www.w3.org\/2000\/svg\"><path d=\"M100.28 448H7.4V148.9h92.88zM53.79 108.1C24.09 108.1 0 83.5 0 53.8a53.79 53.79 0 0 1 107.58 0c0 29.7-24.1 54.3-53.79 54.3zM447.9 448h-92.68V302.4c0-34.7-.7-79.2-48.29-79.2-48.29 0-55.69 37.7-55.69 76.7V448h-92.78V148.9h89.08v40.8h1.3c12.4-23.5 42.69-48.3 87.88-48.3 94 0 111.28 61.9 111.28 142.3V448z\"><\/path><\/svg>\t\t\t\t\t<\/a>\n\t\t\t\t<\/span>\n\t\t\t\t\t\t\t<span class=\"elementor-grid-item\" role=\"listitem\">\n\t\t\t\t\t<a class=\"elementor-icon elementor-social-icon elementor-social-icon-youtube elementor-repeater-item-506b393\" target=\"_blank\">\n\t\t\t\t\t\t<span class=\"elementor-screen-only\">Youtube<\/span>\n\t\t\t\t\t\t<svg aria-hidden=\"true\" class=\"e-font-icon-svg e-fab-youtube\" viewBox=\"0 0 576 512\" xmlns=\"http:\/\/www.w3.org\/2000\/svg\"><path d=\"M549.655 124.083c-6.281-23.65-24.787-42.276-48.284-48.597C458.781 64 288 64 288 64S117.22 64 74.629 75.486c-23.497 6.322-42.003 24.947-48.284 48.597-11.412 42.867-11.412 132.305-11.412 132.305s0 89.438 11.412 132.305c6.281 23.65 24.787 41.5 48.284 47.821C117.22 448 288 448 288 448s170.78 0 213.371-11.486c23.497-6.321 42.003-24.171 48.284-47.821 11.412-42.867 11.412-132.305 11.412-132.305s0-89.438-11.412-132.305zm-317.51 213.508V175.185l142.739 81.205-142.739 81.201z\"><\/path><\/svg>\t\t\t\t\t<\/a>\n\t\t\t\t<\/span>\n\t\t\t\t\t\t\t<span class=\"elementor-grid-item\" role=\"listitem\">\n\t\t\t\t\t<a class=\"elementor-icon elementor-social-icon elementor-social-icon-telegram-plane elementor-repeater-item-8128110\" target=\"_blank\">\n\t\t\t\t\t\t<span class=\"elementor-screen-only\">Telegram-plane<\/span>\n\t\t\t\t\t\t<svg aria-hidden=\"true\" class=\"e-font-icon-svg e-fab-telegram-plane\" viewBox=\"0 0 448 512\" xmlns=\"http:\/\/www.w3.org\/2000\/svg\"><path d=\"M446.7 98.6l-67.6 318.8c-5.1 22.5-18.4 28.1-37.3 17.5l-103-75.9-49.7 47.8c-5.5 5.5-10.1 10.1-20.7 10.1l7.4-104.9 190.9-172.5c8.3-7.4-1.8-11.5-12.9-4.1L117.8 284 16.2 252.2c-22.1-6.9-22.5-22.1 4.6-32.7L418.2 66.4c18.4-6.9 34.5 4.1 28.5 32.2z\"><\/path><\/svg>\t\t\t\t\t<\/a>\n\t\t\t\t<\/span>\n\t\t\t\t\t\t\t<span class=\"elementor-grid-item\" role=\"listitem\">\n\t\t\t\t\t<a class=\"elementor-icon elementor-social-icon elementor-social-icon-rss elementor-repeater-item-bd80730\" target=\"_blank\">\n\t\t\t\t\t\t<span class=\"elementor-screen-only\">Rss<\/span>\n\t\t\t\t\t\t<svg aria-hidden=\"true\" class=\"e-font-icon-svg e-fas-rss\" viewBox=\"0 0 448 512\" xmlns=\"http:\/\/www.w3.org\/2000\/svg\"><path d=\"M128.081 415.959c0 35.369-28.672 64.041-64.041 64.041S0 451.328 0 415.959s28.672-64.041 64.041-64.041 64.04 28.673 64.04 64.041zm175.66 47.25c-8.354-154.6-132.185-278.587-286.95-286.95C7.656 175.765 0 183.105 0 192.253v48.069c0 8.415 6.49 15.472 14.887 16.018 111.832 7.284 201.473 96.702 208.772 208.772.547 8.397 7.604 14.887 16.018 14.887h48.069c9.149.001 16.489-7.655 15.995-16.79zm144.249.288C439.596 229.677 251.465 40.445 16.503 32.01 7.473 31.686 0 38.981 0 48.016v48.068c0 8.625 6.835 15.645 15.453 15.999 191.179 7.839 344.627 161.316 352.465 352.465.353 8.618 7.373 15.453 15.999 15.453h48.068c9.034-.001 16.329-7.474 16.005-16.504z\"><\/path><\/svg>\t\t\t\t\t<\/a>\n\t\t\t\t<\/span>\n\t\t\t\t\t<\/div>\n\t\t\t\t\t\t<\/div>\n\t\t<div class=\"elementor-element elementor-element-7aa36bea e-con-full e-flex e-con e-child\" data-id=\"7aa36bea\" data-element_type=\"container\" data-e-type=\"container\">\n\t\t\t\t<div class=\"elementor-element elementor-element-4d271204 elementor-widget__width-inherit elementor-widget-divider--view-line elementor-widget elementor-widget-divider\" data-id=\"4d271204\" data-element_type=\"widget\" data-e-type=\"widget\" data-widget_type=\"divider.default\">\n\t\t\t\t\t\t\t<div class=\"elementor-divider\">\n\t\t\t<span class=\"elementor-divider-separator\">\n\t\t\t\t\t\t<\/span>\n\t\t<\/div>\n\t\t\t\t\t\t<\/div>\n\t\t<div class=\"elementor-element elementor-element-8f14370 e-con-full e-flex e-con e-child\" data-id=\"8f14370\" data-element_type=\"container\" data-e-type=\"container\">\n\t\t\t\t<div class=\"elementor-element elementor-element-29318ab elementor-widget__width-inherit elementor-widget-mobile__width-auto elementor-widget elementor-widget-image\" data-id=\"29318ab\" data-element_type=\"widget\" data-e-type=\"widget\" data-widget_type=\"image.default\">\n\t\t\t\t\t\t\t\t\t\t\t\t\t\t\t<img decoding=\"async\" width=\"292\" height=\"141\" src=\"https:\/\/on.eus\/wp-content\/uploads\/2024\/11\/Bai-euskarari-ON.png\" class=\"attachment-full size-full wp-image-2160\" alt=\"\" \/>\t\t\t\t\t\t\t\t\t\t\t\t\t\t\t<\/div>\n\t\t\t\t<div class=\"elementor-element elementor-element-aaf94fc elementor-widget__width-inherit elementor-widget-mobile__width-auto elementor-widget elementor-widget-image\" data-id=\"aaf94fc\" data-element_type=\"widget\" data-e-type=\"widget\" data-widget_type=\"image.default\">\n\t\t\t\t\t\t\t\t\t\t\t\t\t\t\t<img decoding=\"async\" width=\"221\" height=\"133\" src=\"https:\/\/on.eus\/wp-content\/uploads\/2024\/11\/Eusko-ON.png\" class=\"attachment-full size-full wp-image-2162\" alt=\"\" \/>\t\t\t\t\t\t\t\t\t\t\t\t\t\t\t<\/div>\n\t\t\t\t<\/div>\n\t\t\t\t<\/div>\n\t\t\t\t\t<\/div>\n\t\t\t\t<\/div>\n\t\t<div class=\"elementor-element elementor-element-34fcefeb e-con-full e-flex e-con e-parent\" data-id=\"34fcefeb\" data-element_type=\"container\" data-e-type=\"container\">\n\t\t\t\t<div class=\"elementor-element elementor-element-2f4a57bd elementor-widget elementor-widget-google_maps\" data-id=\"2f4a57bd\" data-element_type=\"widget\" data-e-type=\"widget\" data-widget_type=\"google_maps.default\">\n\t\t\t\t\t\t\t<div class=\"elementor-custom-embed\">\n\t\t\t<iframe loading=\"lazy\"\n\t\t\t\t\tsrc=\"https:\/\/www.google.com\/maps\/embed\/v1\/place?key=AIzaSyCGU8Uabr7FxKAES9I9WHXFwucjX7CWQoI&#038;q=4%20Rue%20des%20Lisses%2C%2064100%20Bayonne&#038;zoom=16\"\n\t\t\t\t\ttitle=\"4 Rue des Lisses, 64100 Bayonne\"\n\t\t\t\t\taria-label=\"4 Rue des Lisses, 64100 Bayonne\"\n\t\t\t><\/iframe>\n\t\t<\/div>\n\t\t\t\t\t\t<\/div>\n\t\t\t\t<\/div>\n\t\t\t\t<\/div>\n\t\t","protected":false},"excerpt":{"rendered":"<p>ON! Piztu euskara(z) elkartea4, Lisses karrika 64100 Baiona (LAPURDI) piztu@on.eus SIRET 84302685700022 R\u00e9seaux sociaux Facebook-f Instagram Linkedin-in Youtube Telegram-plane Rss<\/p>\n","protected":false},"author":1,"featured_media":0,"parent":0,"menu_order":9,"comment_status":"closed","ping_status":"closed","template":"","meta":{"_acf_changed":false,"footnotes":""},"class_list":["post-4643","page","type-page","status-publish","hentry"],"acf":[],"yoast_head":"<!-- This site is optimized with the Yoast SEO plugin v27.3 - https:\/\/yoast.com\/product\/yoast-seo-wordpress\/ -->\n<title>Contact &#8226; On!<\/title>\n<meta name=\"robots\" content=\"index, follow, max-snippet:-1, max-image-preview:large, max-video-preview:-1\" \/>\n<link rel=\"canonical\" href=\"https:\/\/on.eus\/fr\/contact\/\" \/>\n<meta property=\"og:locale\" content=\"fr_FR\" \/>\n<meta property=\"og:type\" content=\"article\" \/>\n<meta property=\"og:title\" content=\"Contact &#8226; On!\" \/>\n<meta property=\"og:description\" content=\"ON! Piztu euskara(z) elkartea4, Lisses karrika 64100 Baiona (LAPURDI) piztu@on.eus SIRET 84302685700022 R\u00e9seaux sociaux Facebook-f Instagram Linkedin-in Youtube Telegram-plane Rss\" \/>\n<meta property=\"og:url\" content=\"https:\/\/on.eus\/fr\/contact\/\" \/>\n<meta property=\"og:site_name\" content=\"On!\" \/>\n<meta property=\"article:publisher\" content=\"https:\/\/www.facebook.com\/ongietorria\" \/>\n<meta property=\"article:modified_time\" content=\"2025-09-26T08:56:32+00:00\" \/>\n<meta property=\"og:image\" content=\"https:\/\/on.eus\/wp-content\/uploads\/2025\/09\/on-euskara-eskura.png\" \/>\n\t<meta property=\"og:image:width\" content=\"1200\" \/>\n\t<meta property=\"og:image:height\" content=\"675\" \/>\n\t<meta property=\"og:image:type\" content=\"image\/png\" \/>\n<meta name=\"twitter:card\" content=\"summary_large_image\" \/>\n<meta name=\"twitter:label1\" content=\"Dur\u00e9e de lecture estim\u00e9e\" \/>\n\t<meta name=\"twitter:data1\" content=\"1 minute\" \/>\n<script type=\"application\/ld+json\" class=\"yoast-schema-graph\">{\"@context\":\"https:\\\/\\\/schema.org\",\"@graph\":[{\"@type\":\"WebPage\",\"@id\":\"https:\\\/\\\/on.eus\\\/fr\\\/contact\\\/\",\"url\":\"https:\\\/\\\/on.eus\\\/fr\\\/contact\\\/\",\"name\":\"Contact &#8226; On!\",\"isPartOf\":{\"@id\":\"https:\\\/\\\/on.eus\\\/fr\\\/#website\"},\"primaryImageOfPage\":{\"@id\":\"https:\\\/\\\/on.eus\\\/fr\\\/contact\\\/#primaryimage\"},\"image\":{\"@id\":\"https:\\\/\\\/on.eus\\\/fr\\\/contact\\\/#primaryimage\"},\"thumbnailUrl\":\"https:\\\/\\\/on.eus\\\/wp-content\\\/uploads\\\/2024\\\/11\\\/on-logoa.svg\",\"datePublished\":\"2024-10-10T08:17:53+00:00\",\"dateModified\":\"2025-09-26T08:56:32+00:00\",\"breadcrumb\":{\"@id\":\"https:\\\/\\\/on.eus\\\/fr\\\/contact\\\/#breadcrumb\"},\"inLanguage\":\"fr-FR\",\"potentialAction\":[{\"@type\":\"ReadAction\",\"target\":[\"https:\\\/\\\/on.eus\\\/fr\\\/contact\\\/\"]}]},{\"@type\":\"ImageObject\",\"inLanguage\":\"fr-FR\",\"@id\":\"https:\\\/\\\/on.eus\\\/fr\\\/contact\\\/#primaryimage\",\"url\":\"https:\\\/\\\/on.eus\\\/wp-content\\\/uploads\\\/2024\\\/11\\\/on-logoa.svg\",\"contentUrl\":\"https:\\\/\\\/on.eus\\\/wp-content\\\/uploads\\\/2024\\\/11\\\/on-logoa.svg\"},{\"@type\":\"BreadcrumbList\",\"@id\":\"https:\\\/\\\/on.eus\\\/fr\\\/contact\\\/#breadcrumb\",\"itemListElement\":[{\"@type\":\"ListItem\",\"position\":1,\"name\":\"Hasiera\",\"item\":\"https:\\\/\\\/on.eus\\\/fr\\\/\"},{\"@type\":\"ListItem\",\"position\":2,\"name\":\"Contact\"}]},{\"@type\":\"WebSite\",\"@id\":\"https:\\\/\\\/on.eus\\\/fr\\\/#website\",\"url\":\"https:\\\/\\\/on.eus\\\/fr\\\/\",\"name\":\"ON!\",\"description\":\"Pizten gaituena\",\"publisher\":{\"@id\":\"https:\\\/\\\/on.eus\\\/fr\\\/#organization\"},\"alternateName\":\"Piztu euskaraz\",\"potentialAction\":[{\"@type\":\"SearchAction\",\"target\":{\"@type\":\"EntryPoint\",\"urlTemplate\":\"https:\\\/\\\/on.eus\\\/fr\\\/?s={search_term_string}\"},\"query-input\":{\"@type\":\"PropertyValueSpecification\",\"valueRequired\":true,\"valueName\":\"search_term_string\"}}],\"inLanguage\":\"fr-FR\"},{\"@type\":\"Organization\",\"@id\":\"https:\\\/\\\/on.eus\\\/fr\\\/#organization\",\"name\":\"On!\",\"url\":\"https:\\\/\\\/on.eus\\\/fr\\\/\",\"logo\":{\"@type\":\"ImageObject\",\"inLanguage\":\"fr-FR\",\"@id\":\"https:\\\/\\\/on.eus\\\/fr\\\/#\\\/schema\\\/logo\\\/image\\\/\",\"url\":\"https:\\\/\\\/on.eus\\\/wp-content\\\/uploads\\\/2025\\\/09\\\/logo-on-euskara-eskura.png\",\"contentUrl\":\"https:\\\/\\\/on.eus\\\/wp-content\\\/uploads\\\/2025\\\/09\\\/logo-on-euskara-eskura.png\",\"width\":696,\"height\":696,\"caption\":\"On!\"},\"image\":{\"@id\":\"https:\\\/\\\/on.eus\\\/fr\\\/#\\\/schema\\\/logo\\\/image\\\/\"},\"sameAs\":[\"https:\\\/\\\/www.facebook.com\\\/ongietorria\",\"https:\\\/\\\/www.instagram.com\\\/onpiztu\\\/\",\"https:\\\/\\\/www.linkedin.com\\\/company\\\/onpiztu\",\"https:\\\/\\\/www.youtube.com\\\/@piztu-euskara\",\"https:\\\/\\\/mastodon.eus\\\/@Piztueuskara\"]}]}<\/script>\n<!-- \/ Yoast SEO plugin. -->","yoast_head_json":{"title":"Contact &#8226; On!","robots":{"index":"index","follow":"follow","max-snippet":"max-snippet:-1","max-image-preview":"max-image-preview:large","max-video-preview":"max-video-preview:-1"},"canonical":"https:\/\/on.eus\/fr\/contact\/","og_locale":"fr_FR","og_type":"article","og_title":"Contact &#8226; On!","og_description":"ON! Piztu euskara(z) elkartea4, Lisses karrika 64100 Baiona (LAPURDI) piztu@on.eus SIRET 84302685700022 R\u00e9seaux sociaux Facebook-f Instagram Linkedin-in Youtube Telegram-plane Rss","og_url":"https:\/\/on.eus\/fr\/contact\/","og_site_name":"On!","article_publisher":"https:\/\/www.facebook.com\/ongietorria","article_modified_time":"2025-09-26T08:56:32+00:00","og_image":[{"width":1200,"height":675,"url":"https:\/\/on.eus\/wp-content\/uploads\/2025\/09\/on-euskara-eskura.png","type":"image\/png"}],"twitter_card":"summary_large_image","twitter_misc":{"Dur\u00e9e de lecture estim\u00e9e":"1 minute"},"schema":{"@context":"https:\/\/schema.org","@graph":[{"@type":"WebPage","@id":"https:\/\/on.eus\/fr\/contact\/","url":"https:\/\/on.eus\/fr\/contact\/","name":"Contact &#8226; On!","isPartOf":{"@id":"https:\/\/on.eus\/fr\/#website"},"primaryImageOfPage":{"@id":"https:\/\/on.eus\/fr\/contact\/#primaryimage"},"image":{"@id":"https:\/\/on.eus\/fr\/contact\/#primaryimage"},"thumbnailUrl":"https:\/\/on.eus\/wp-content\/uploads\/2024\/11\/on-logoa.svg","datePublished":"2024-10-10T08:17:53+00:00","dateModified":"2025-09-26T08:56:32+00:00","breadcrumb":{"@id":"https:\/\/on.eus\/fr\/contact\/#breadcrumb"},"inLanguage":"fr-FR","potentialAction":[{"@type":"ReadAction","target":["https:\/\/on.eus\/fr\/contact\/"]}]},{"@type":"ImageObject","inLanguage":"fr-FR","@id":"https:\/\/on.eus\/fr\/contact\/#primaryimage","url":"https:\/\/on.eus\/wp-content\/uploads\/2024\/11\/on-logoa.svg","contentUrl":"https:\/\/on.eus\/wp-content\/uploads\/2024\/11\/on-logoa.svg"},{"@type":"BreadcrumbList","@id":"https:\/\/on.eus\/fr\/contact\/#breadcrumb","itemListElement":[{"@type":"ListItem","position":1,"name":"Hasiera","item":"https:\/\/on.eus\/fr\/"},{"@type":"ListItem","position":2,"name":"Contact"}]},{"@type":"WebSite","@id":"https:\/\/on.eus\/fr\/#website","url":"https:\/\/on.eus\/fr\/","name":"ON!","description":"Pizten gaituena","publisher":{"@id":"https:\/\/on.eus\/fr\/#organization"},"alternateName":"Piztu euskaraz","potentialAction":[{"@type":"SearchAction","target":{"@type":"EntryPoint","urlTemplate":"https:\/\/on.eus\/fr\/?s={search_term_string}"},"query-input":{"@type":"PropertyValueSpecification","valueRequired":true,"valueName":"search_term_string"}}],"inLanguage":"fr-FR"},{"@type":"Organization","@id":"https:\/\/on.eus\/fr\/#organization","name":"On!","url":"https:\/\/on.eus\/fr\/","logo":{"@type":"ImageObject","inLanguage":"fr-FR","@id":"https:\/\/on.eus\/fr\/#\/schema\/logo\/image\/","url":"https:\/\/on.eus\/wp-content\/uploads\/2025\/09\/logo-on-euskara-eskura.png","contentUrl":"https:\/\/on.eus\/wp-content\/uploads\/2025\/09\/logo-on-euskara-eskura.png","width":696,"height":696,"caption":"On!"},"image":{"@id":"https:\/\/on.eus\/fr\/#\/schema\/logo\/image\/"},"sameAs":["https:\/\/www.facebook.com\/ongietorria","https:\/\/www.instagram.com\/onpiztu\/","https:\/\/www.linkedin.com\/company\/onpiztu","https:\/\/www.youtube.com\/@piztu-euskara","https:\/\/mastodon.eus\/@Piztueuskara"]}]}},"_links":{"self":[{"href":"https:\/\/on.eus\/fr\/wp-json\/wp\/v2\/pages\/4643","targetHints":{"allow":["GET"]}}],"collection":[{"href":"https:\/\/on.eus\/fr\/wp-json\/wp\/v2\/pages"}],"about":[{"href":"https:\/\/on.eus\/fr\/wp-json\/wp\/v2\/types\/page"}],"author":[{"embeddable":true,"href":"https:\/\/on.eus\/fr\/wp-json\/wp\/v2\/users\/1"}],"replies":[{"embeddable":true,"href":"https:\/\/on.eus\/fr\/wp-json\/wp\/v2\/comments?post=4643"}],"version-history":[{"count":3,"href":"https:\/\/on.eus\/fr\/wp-json\/wp\/v2\/pages\/4643\/revisions"}],"predecessor-version":[{"id":21819,"href":"https:\/\/on.eus\/fr\/wp-json\/wp\/v2\/pages\/4643\/revisions\/21819"}],"wp:attachment":[{"href":"https:\/\/on.eus\/fr\/wp-json\/wp\/v2\/media?parent=4643"}],"curies":[{"name":"wp","href":"https:\/\/api.w.org\/{rel}","templated":true}]}}